{"id":18335,"date":"2017-12-20T20:41:04","date_gmt":"2017-12-20T20:41:04","guid":{"rendered":"http:\/\/spca.webitgarage.ca\/secteurs-desservis\/"},"modified":"2026-01-02T11:20:20","modified_gmt":"2026-01-02T16:20:20","slug":"sectors-served","status":"publish","type":"page","link":"https:\/\/www.spca.com\/en\/sectors-served\/","title":{"rendered":"Areas covered"},"content":{"rendered":"","protected":false},"excerpt":{"rendered":"","protected":false},"author":2,"featured_media":0,"parent":0,"menu_order":0,"comment_status":"closed","ping_status":"closed","template":"","meta":{"_acf_changed":false,"footnotes":""},"class_list":["post-18335","page","type-page","status-publish","hentry"],"acf":[],"yoast_head":"<!-- This site is optimized with the Yoast SEO plugin v27.3 - https:\/\/yoast.com\/product\/yoast-seo-wordpress\/ -->\n<title>Sectors Served | Montreal SPCA<\/title>\n<meta name=\"description\" content=\"The Montreal SPCA serves the following boroughs and municipalities: Anjou, C\u00f4te-des-Neiges\u2014Notre-Dame-de-Gr\u00e2ce, C\u00f4te Saint-Luc, Hampstead, Lachine, Le Plateau-Mont-Royal, Montr\u00e9al-Nord, Rosemont\u2013La Petite-Patrie, Saint-Laurent, Le Sud-Ouest, Verdun, Ville-Marie and Westmount.\" \/>\n<meta name=\"robots\" content=\"index, follow, max-snippet:-1, max-image-preview:large, max-video-preview:-1\" \/>\n<link rel=\"canonical\" href=\"https:\/\/www.spca.com\/en\/sectors-served\/\" \/>\n<meta property=\"og:locale\" content=\"en_US\" \/>\n<meta property=\"og:type\" content=\"article\" \/>\n<meta property=\"og:title\" content=\"Sectors Served | Montreal SPCA\" \/>\n<meta property=\"og:description\" content=\"The Montreal SPCA serves the following boroughs and municipalities: Anjou, C\u00f4te-des-Neiges\u2014Notre-Dame-de-Gr\u00e2ce, C\u00f4te Saint-Luc, Hampstead, Lachine, Le Plateau-Mont-Royal, Montr\u00e9al-Nord, Rosemont\u2013La Petite-Patrie, Saint-Laurent, Le Sud-Ouest, Verdun, Ville-Marie and Westmount.\" \/>\n<meta property=\"og:url\" content=\"https:\/\/www.spca.com\/en\/sectors-served\/\" \/>\n<meta property=\"og:site_name\" content=\"SPCA de Montr\u00e9al\" \/>\n<meta property=\"article:modified_time\" content=\"2026-01-02T16:20:20+00:00\" \/>\n<meta name=\"twitter:card\" content=\"summary_large_image\" \/>\n<script type=\"application\/ld+json\" class=\"yoast-schema-graph\">{\"@context\":\"https:\\\/\\\/schema.org\",\"@graph\":[{\"@type\":\"WebPage\",\"@id\":\"https:\\\/\\\/www.spca.com\\\/en\\\/sectors-served\\\/\",\"url\":\"https:\\\/\\\/www.spca.com\\\/en\\\/sectors-served\\\/\",\"name\":\"Sectors Served | Montreal SPCA\",\"isPartOf\":{\"@id\":\"https:\\\/\\\/www.spca.com\\\/en\\\/#website\"},\"datePublished\":\"2017-12-20T20:41:04+00:00\",\"dateModified\":\"2026-01-02T16:20:20+00:00\",\"description\":\"The Montreal SPCA serves the following boroughs and municipalities: Anjou, C\u00f4te-des-Neiges\u2014Notre-Dame-de-Gr\u00e2ce, C\u00f4te Saint-Luc, Hampstead, Lachine, Le Plateau-Mont-Royal, Montr\u00e9al-Nord, Rosemont\u2013La Petite-Patrie, Saint-Laurent, Le Sud-Ouest, Verdun, Ville-Marie and Westmount.\",\"breadcrumb\":{\"@id\":\"https:\\\/\\\/www.spca.com\\\/en\\\/sectors-served\\\/#breadcrumb\"},\"inLanguage\":\"en-US\",\"potentialAction\":[{\"@type\":\"ReadAction\",\"target\":[\"https:\\\/\\\/www.spca.com\\\/en\\\/sectors-served\\\/\"]}]},{\"@type\":\"BreadcrumbList\",\"@id\":\"https:\\\/\\\/www.spca.com\\\/en\\\/sectors-served\\\/#breadcrumb\",\"itemListElement\":[{\"@type\":\"ListItem\",\"position\":1,\"name\":\"Accueil\",\"item\":\"https:\\\/\\\/www.spca.com\\\/en\\\/\"},{\"@type\":\"ListItem\",\"position\":2,\"name\":\"Areas covered\"}]},{\"@type\":\"WebSite\",\"@id\":\"https:\\\/\\\/www.spca.com\\\/en\\\/#website\",\"url\":\"https:\\\/\\\/www.spca.com\\\/en\\\/\",\"name\":\"SPCA de Montr\u00e9al\",\"description\":\"Au service des animaux depuis 1869\",\"potentialAction\":[{\"@type\":\"SearchAction\",\"target\":{\"@type\":\"EntryPoint\",\"urlTemplate\":\"https:\\\/\\\/www.spca.com\\\/en\\\/?s={search_term_string}\"},\"query-input\":{\"@type\":\"PropertyValueSpecification\",\"valueRequired\":true,\"valueName\":\"search_term_string\"}}],\"inLanguage\":\"en-US\"}]}<\/script>\n<!-- \/ Yoast SEO plugin. -->","yoast_head_json":{"title":"Sectors Served | Montreal SPCA","description":"The Montreal SPCA serves the following boroughs and municipalities: Anjou, C\u00f4te-des-Neiges\u2014Notre-Dame-de-Gr\u00e2ce, C\u00f4te Saint-Luc, Hampstead, Lachine, Le Plateau-Mont-Royal, Montr\u00e9al-Nord, Rosemont\u2013La Petite-Patrie, Saint-Laurent, Le Sud-Ouest, Verdun, Ville-Marie and Westmount.","robots":{"index":"index","follow":"follow","max-snippet":"max-snippet:-1","max-image-preview":"max-image-preview:large","max-video-preview":"max-video-preview:-1"},"canonical":"https:\/\/www.spca.com\/en\/sectors-served\/","og_locale":"en_US","og_type":"article","og_title":"Sectors Served | Montreal SPCA","og_description":"The Montreal SPCA serves the following boroughs and municipalities: Anjou, C\u00f4te-des-Neiges\u2014Notre-Dame-de-Gr\u00e2ce, C\u00f4te Saint-Luc, Hampstead, Lachine, Le Plateau-Mont-Royal, Montr\u00e9al-Nord, Rosemont\u2013La Petite-Patrie, Saint-Laurent, Le Sud-Ouest, Verdun, Ville-Marie and Westmount.","og_url":"https:\/\/www.spca.com\/en\/sectors-served\/","og_site_name":"SPCA de Montr\u00e9al","article_modified_time":"2026-01-02T16:20:20+00:00","twitter_card":"summary_large_image","schema":{"@context":"https:\/\/schema.org","@graph":[{"@type":"WebPage","@id":"https:\/\/www.spca.com\/en\/sectors-served\/","url":"https:\/\/www.spca.com\/en\/sectors-served\/","name":"Sectors Served | Montreal SPCA","isPartOf":{"@id":"https:\/\/www.spca.com\/en\/#website"},"datePublished":"2017-12-20T20:41:04+00:00","dateModified":"2026-01-02T16:20:20+00:00","description":"The Montreal SPCA serves the following boroughs and municipalities: Anjou, C\u00f4te-des-Neiges\u2014Notre-Dame-de-Gr\u00e2ce, C\u00f4te Saint-Luc, Hampstead, Lachine, Le Plateau-Mont-Royal, Montr\u00e9al-Nord, Rosemont\u2013La Petite-Patrie, Saint-Laurent, Le Sud-Ouest, Verdun, Ville-Marie and Westmount.","breadcrumb":{"@id":"https:\/\/www.spca.com\/en\/sectors-served\/#breadcrumb"},"inLanguage":"en-US","potentialAction":[{"@type":"ReadAction","target":["https:\/\/www.spca.com\/en\/sectors-served\/"]}]},{"@type":"BreadcrumbList","@id":"https:\/\/www.spca.com\/en\/sectors-served\/#breadcrumb","itemListElement":[{"@type":"ListItem","position":1,"name":"Accueil","item":"https:\/\/www.spca.com\/en\/"},{"@type":"ListItem","position":2,"name":"Areas covered"}]},{"@type":"WebSite","@id":"https:\/\/www.spca.com\/en\/#website","url":"https:\/\/www.spca.com\/en\/","name":"SPCA de Montr\u00e9al","description":"Au service des animaux depuis 1869","potentialAction":[{"@type":"SearchAction","target":{"@type":"EntryPoint","urlTemplate":"https:\/\/www.spca.com\/en\/?s={search_term_string}"},"query-input":{"@type":"PropertyValueSpecification","valueRequired":true,"valueName":"search_term_string"}}],"inLanguage":"en-US"}]}},"_links":{"self":[{"href":"https:\/\/www.spca.com\/en\/wp-json\/wp\/v2\/pages\/18335","targetHints":{"allow":["GET"]}}],"collection":[{"href":"https:\/\/www.spca.com\/en\/wp-json\/wp\/v2\/pages"}],"about":[{"href":"https:\/\/www.spca.com\/en\/wp-json\/wp\/v2\/types\/page"}],"author":[{"embeddable":true,"href":"https:\/\/www.spca.com\/en\/wp-json\/wp\/v2\/users\/2"}],"replies":[{"embeddable":true,"href":"https:\/\/www.spca.com\/en\/wp-json\/wp\/v2\/comments?post=18335"}],"version-history":[{"count":5,"href":"https:\/\/www.spca.com\/en\/wp-json\/wp\/v2\/pages\/18335\/revisions"}],"predecessor-version":[{"id":61073,"href":"https:\/\/www.spca.com\/en\/wp-json\/wp\/v2\/pages\/18335\/revisions\/61073"}],"wp:attachment":[{"href":"https:\/\/www.spca.com\/en\/wp-json\/wp\/v2\/media?parent=18335"}],"curies":[{"name":"wp","href":"https:\/\/api.w.org\/{rel}","templated":true}]}}