{"id":34884,"date":"2021-12-01T15:56:35","date_gmt":"2021-12-01T20:56:35","guid":{"rendered":"https:\/\/www.spca.com\/?page_id=34884"},"modified":"2022-09-23T18:57:03","modified_gmt":"2022-09-23T22:57:03","slug":"petition-fido-takes-the-metro","status":"publish","type":"page","link":"https:\/\/www.spca.com\/en\/petition-fido-takes-the-metro\/","title":{"rendered":"PETITION | Fido takes the Metro"},"content":{"rendered":"","protected":false},"excerpt":{"rendered":"<p>Ask Mayor Val\u00e9rie Plante and the new chairman of the board of directors of the Soci\u00e9t\u00e9 de transport de Montr\u00e9al (STM), Eric Alan Caldwell, to allow dogs on leash in Montr\u00e9al\u2019s public transit system.<\/p>\n","protected":false},"author":2,"featured_media":35041,"parent":0,"menu_order":0,"comment_status":"closed","ping_status":"closed","template":"","meta":{"_acf_changed":false,"footnotes":""},"class_list":["post-34884","page","type-page","status-publish","has-post-thumbnail","hentry"],"acf":[],"yoast_head":"<!-- This site is optimized with the Yoast SEO plugin v27.3 - https:\/\/yoast.com\/product\/yoast-seo-wordpress\/ -->\n<title>PETITION | Fido takes the Metro - Montreal SPCA<\/title>\n<meta name=\"description\" content=\"Ask Mayor Val\u00e9rie Plante and the new chairman of the board of directors of the Soci\u00e9t\u00e9 de transport de Montr\u00e9al (STM), Eric Alan Caldwell, to allow dogs on leash in Montr\u00e9al\u2019s public transit system.\" \/>\n<meta name=\"robots\" content=\"index, follow, max-snippet:-1, max-image-preview:large, max-video-preview:-1\" \/>\n<link rel=\"canonical\" href=\"https:\/\/www.spca.com\/en\/petition-fido-takes-the-metro\/\" \/>\n<meta property=\"og:locale\" content=\"en_US\" \/>\n<meta property=\"og:type\" content=\"article\" \/>\n<meta property=\"og:title\" content=\"PETITION | Fido takes the Metro - Montreal SPCA\" \/>\n<meta property=\"og:description\" content=\"Ask Mayor Val\u00e9rie Plante and the new chairman of the board of directors of the Soci\u00e9t\u00e9 de transport de Montr\u00e9al (STM), Eric Alan Caldwell, to allow dogs on leash in Montr\u00e9al\u2019s public transit system.\" \/>\n<meta property=\"og:url\" content=\"https:\/\/www.spca.com\/en\/petition-fido-takes-the-metro\/\" \/>\n<meta property=\"og:site_name\" content=\"SPCA de Montr\u00e9al\" \/>\n<meta property=\"article:modified_time\" content=\"2022-09-23T22:57:03+00:00\" \/>\n<meta property=\"og:image\" content=\"https:\/\/www.spca.com\/app\/uploads\/2021\/11\/spca-jasmine-image00003-v03-scaled-e1638378289242.jpg\" \/>\n\t<meta property=\"og:image:width\" content=\"750\" \/>\n\t<meta property=\"og:image:height\" content=\"1000\" \/>\n\t<meta property=\"og:image:type\" content=\"image\/jpeg\" \/>\n<meta name=\"twitter:card\" content=\"summary_large_image\" \/>\n<script type=\"application\/ld+json\" class=\"yoast-schema-graph\">{\"@context\":\"https:\\\/\\\/schema.org\",\"@graph\":[{\"@type\":\"WebPage\",\"@id\":\"https:\\\/\\\/www.spca.com\\\/en\\\/petition-fido-takes-the-metro\\\/\",\"url\":\"https:\\\/\\\/www.spca.com\\\/en\\\/petition-fido-takes-the-metro\\\/\",\"name\":\"PETITION | Fido takes the Metro - Montreal SPCA\",\"isPartOf\":{\"@id\":\"https:\\\/\\\/www.spca.com\\\/en\\\/#website\"},\"primaryImageOfPage\":{\"@id\":\"https:\\\/\\\/www.spca.com\\\/en\\\/petition-fido-takes-the-metro\\\/#primaryimage\"},\"image\":{\"@id\":\"https:\\\/\\\/www.spca.com\\\/en\\\/petition-fido-takes-the-metro\\\/#primaryimage\"},\"thumbnailUrl\":\"https:\\\/\\\/www.spca.com\\\/wp-content\\\/uploads\\\/2021\\\/11\\\/spca-jasmine-image00003-v03-scaled-e1638378289242.jpg\",\"datePublished\":\"2021-12-01T20:56:35+00:00\",\"dateModified\":\"2022-09-23T22:57:03+00:00\",\"description\":\"Ask Mayor Val\u00e9rie Plante and the new chairman of the board of directors of the Soci\u00e9t\u00e9 de transport de Montr\u00e9al (STM), Eric Alan Caldwell, to allow dogs on leash in Montr\u00e9al\u2019s public transit system.\",\"breadcrumb\":{\"@id\":\"https:\\\/\\\/www.spca.com\\\/en\\\/petition-fido-takes-the-metro\\\/#breadcrumb\"},\"inLanguage\":\"en-US\",\"potentialAction\":[{\"@type\":\"ReadAction\",\"target\":[\"https:\\\/\\\/www.spca.com\\\/en\\\/petition-fido-takes-the-metro\\\/\"]}]},{\"@type\":\"ImageObject\",\"inLanguage\":\"en-US\",\"@id\":\"https:\\\/\\\/www.spca.com\\\/en\\\/petition-fido-takes-the-metro\\\/#primaryimage\",\"url\":\"https:\\\/\\\/www.spca.com\\\/wp-content\\\/uploads\\\/2021\\\/11\\\/spca-jasmine-image00003-v03-scaled-e1638378289242.jpg\",\"contentUrl\":\"https:\\\/\\\/www.spca.com\\\/wp-content\\\/uploads\\\/2021\\\/11\\\/spca-jasmine-image00003-v03-scaled-e1638378289242.jpg\",\"width\":750,\"height\":1000},{\"@type\":\"BreadcrumbList\",\"@id\":\"https:\\\/\\\/www.spca.com\\\/en\\\/petition-fido-takes-the-metro\\\/#breadcrumb\",\"itemListElement\":[{\"@type\":\"ListItem\",\"position\":1,\"name\":\"Accueil\",\"item\":\"https:\\\/\\\/www.spca.com\\\/en\\\/\"},{\"@type\":\"ListItem\",\"position\":2,\"name\":\"PETITION | Fido takes the Metro\"}]},{\"@type\":\"WebSite\",\"@id\":\"https:\\\/\\\/www.spca.com\\\/en\\\/#website\",\"url\":\"https:\\\/\\\/www.spca.com\\\/en\\\/\",\"name\":\"SPCA de Montr\u00e9al\",\"description\":\"Au service des animaux depuis 1869\",\"potentialAction\":[{\"@type\":\"SearchAction\",\"target\":{\"@type\":\"EntryPoint\",\"urlTemplate\":\"https:\\\/\\\/www.spca.com\\\/en\\\/?s={search_term_string}\"},\"query-input\":{\"@type\":\"PropertyValueSpecification\",\"valueRequired\":true,\"valueName\":\"search_term_string\"}}],\"inLanguage\":\"en-US\"}]}<\/script>\n<!-- \/ Yoast SEO plugin. -->","yoast_head_json":{"title":"PETITION | Fido takes the Metro - Montreal SPCA","description":"Ask Mayor Val\u00e9rie Plante and the new chairman of the board of directors of the Soci\u00e9t\u00e9 de transport de Montr\u00e9al (STM), Eric Alan Caldwell, to allow dogs on leash in Montr\u00e9al\u2019s public transit system.","robots":{"index":"index","follow":"follow","max-snippet":"max-snippet:-1","max-image-preview":"max-image-preview:large","max-video-preview":"max-video-preview:-1"},"canonical":"https:\/\/www.spca.com\/en\/petition-fido-takes-the-metro\/","og_locale":"en_US","og_type":"article","og_title":"PETITION | Fido takes the Metro - Montreal SPCA","og_description":"Ask Mayor Val\u00e9rie Plante and the new chairman of the board of directors of the Soci\u00e9t\u00e9 de transport de Montr\u00e9al (STM), Eric Alan Caldwell, to allow dogs on leash in Montr\u00e9al\u2019s public transit system.","og_url":"https:\/\/www.spca.com\/en\/petition-fido-takes-the-metro\/","og_site_name":"SPCA de Montr\u00e9al","article_modified_time":"2022-09-23T22:57:03+00:00","og_image":[{"width":750,"height":1000,"url":"https:\/\/www.spca.com\/app\/uploads\/2021\/11\/spca-jasmine-image00003-v03-scaled-e1638378289242.jpg","type":"image\/jpeg"}],"twitter_card":"summary_large_image","schema":{"@context":"https:\/\/schema.org","@graph":[{"@type":"WebPage","@id":"https:\/\/www.spca.com\/en\/petition-fido-takes-the-metro\/","url":"https:\/\/www.spca.com\/en\/petition-fido-takes-the-metro\/","name":"PETITION | Fido takes the Metro - Montreal SPCA","isPartOf":{"@id":"https:\/\/www.spca.com\/en\/#website"},"primaryImageOfPage":{"@id":"https:\/\/www.spca.com\/en\/petition-fido-takes-the-metro\/#primaryimage"},"image":{"@id":"https:\/\/www.spca.com\/en\/petition-fido-takes-the-metro\/#primaryimage"},"thumbnailUrl":"https:\/\/www.spca.com\/wp-content\/uploads\/2021\/11\/spca-jasmine-image00003-v03-scaled-e1638378289242.jpg","datePublished":"2021-12-01T20:56:35+00:00","dateModified":"2022-09-23T22:57:03+00:00","description":"Ask Mayor Val\u00e9rie Plante and the new chairman of the board of directors of the Soci\u00e9t\u00e9 de transport de Montr\u00e9al (STM), Eric Alan Caldwell, to allow dogs on leash in Montr\u00e9al\u2019s public transit system.","breadcrumb":{"@id":"https:\/\/www.spca.com\/en\/petition-fido-takes-the-metro\/#breadcrumb"},"inLanguage":"en-US","potentialAction":[{"@type":"ReadAction","target":["https:\/\/www.spca.com\/en\/petition-fido-takes-the-metro\/"]}]},{"@type":"ImageObject","inLanguage":"en-US","@id":"https:\/\/www.spca.com\/en\/petition-fido-takes-the-metro\/#primaryimage","url":"https:\/\/www.spca.com\/wp-content\/uploads\/2021\/11\/spca-jasmine-image00003-v03-scaled-e1638378289242.jpg","contentUrl":"https:\/\/www.spca.com\/wp-content\/uploads\/2021\/11\/spca-jasmine-image00003-v03-scaled-e1638378289242.jpg","width":750,"height":1000},{"@type":"BreadcrumbList","@id":"https:\/\/www.spca.com\/en\/petition-fido-takes-the-metro\/#breadcrumb","itemListElement":[{"@type":"ListItem","position":1,"name":"Accueil","item":"https:\/\/www.spca.com\/en\/"},{"@type":"ListItem","position":2,"name":"PETITION | Fido takes the Metro"}]},{"@type":"WebSite","@id":"https:\/\/www.spca.com\/en\/#website","url":"https:\/\/www.spca.com\/en\/","name":"SPCA de Montr\u00e9al","description":"Au service des animaux depuis 1869","potentialAction":[{"@type":"SearchAction","target":{"@type":"EntryPoint","urlTemplate":"https:\/\/www.spca.com\/en\/?s={search_term_string}"},"query-input":{"@type":"PropertyValueSpecification","valueRequired":true,"valueName":"search_term_string"}}],"inLanguage":"en-US"}]}},"_links":{"self":[{"href":"https:\/\/www.spca.com\/en\/wp-json\/wp\/v2\/pages\/34884","targetHints":{"allow":["GET"]}}],"collection":[{"href":"https:\/\/www.spca.com\/en\/wp-json\/wp\/v2\/pages"}],"about":[{"href":"https:\/\/www.spca.com\/en\/wp-json\/wp\/v2\/types\/page"}],"author":[{"embeddable":true,"href":"https:\/\/www.spca.com\/en\/wp-json\/wp\/v2\/users\/2"}],"replies":[{"embeddable":true,"href":"https:\/\/www.spca.com\/en\/wp-json\/wp\/v2\/comments?post=34884"}],"version-history":[{"count":0,"href":"https:\/\/www.spca.com\/en\/wp-json\/wp\/v2\/pages\/34884\/revisions"}],"wp:featuredmedia":[{"embeddable":true,"href":"https:\/\/www.spca.com\/en\/wp-json\/wp\/v2\/media\/35041"}],"wp:attachment":[{"href":"https:\/\/www.spca.com\/en\/wp-json\/wp\/v2\/media?parent=34884"}],"curies":[{"name":"wp","href":"https:\/\/api.w.org\/{rel}","templated":true}]}}